{"id":404,"date":"2020-07-22T12:22:38","date_gmt":"2020-07-22T10:22:38","guid":{"rendered":"https:\/\/www.snorkelspain.com\/snorkel-spain-s-l-es\/"},"modified":"2021-10-29T12:42:44","modified_gmt":"2021-10-29T10:42:44","slug":"soluciones-para-tu-necesidades-agricolas","status":"publish","type":"page","link":"https:\/\/www.snorkelspain.com\/es\/","title":{"rendered":"Soluciones para tu necesidades agr\u00edcolas"},"content":{"rendered":"<p>[vc_row equal_height=\u00bbyes\u00bb content_placement=\u00bbmiddle\u00bb css_animation=\u00bbfadeIn\u00bb css=\u00bb.vc_custom_1594841934606{background-image: url(https:\/\/www.snorkelspain.com\/wp-content\/uploads\/2020\/07\/organic-sustainable-agriculture.jpg?id=221) !important;}\u00bb el_class=\u00bbbanner-top\u00bb][vc_column][vc_column_text]<\/p>\n<div class=\"banner-text\">\n<h1 style=\"font-size: 58px;\">Soluciones para tu<br \/>\n<span style=\"color: #e40779;\">necesidades<\/span> agr\u00edcolas<\/h1>\n<p>En Snorkel Spain nos centramos principalmente en la producci\u00f3n, investigaci\u00f3n<br \/>\ny venta de productos de alta calidad que mejoran la salud, vitalidad<br \/>\ny productividad de las plantas.<\/div>\n<p>[\/vc_column_text][vc_btn title=\u00bbCont\u00e1ctenos\u00bb style=\u00bbcustom\u00bb custom_background=\u00bb#e40779&#8243; custom_text=\u00bb#ffffff\u00bb shape=\u00bbsquare\u00bb size=\u00bblg\u00bb css_animation=\u00bbfadeInDown\u00bb css=\u00bb.vc_custom_1611138332889{margin-bottom: 30px !important;margin-left: 30px !important;}\u00bb link=\u00bburl:https%3A%2F%2Fwww.snorkelspain.com%2Fes%2F%23contacta|||\u00bb el_id=\u00bbbanner-btn\u00bb][\/vc_column][\/vc_row][vc_row gap=\u00bb30&#8243; css_animation=\u00bbnone\u00bb css=\u00bb.vc_custom_1594857949091{margin-right: 70px !important;margin-left: 70px !important;padding-right: 15px !important;}\u00bb el_class=\u00bbaboutus\u00bb][vc_column css_animation=\u00bbnone\u00bb width=\u00bb1\/3&#8243; css=\u00bb.vc_custom_1594846064173{margin-top: 8px !important;}\u00bb][vc_single_image image=\u00bb419&#8243; img_size=\u00bbfull\u00bb alignment=\u00bbcenter\u00bb css_animation=\u00bbfadeIn\u00bb el_class=\u00bbpink-right\u00bb][\/vc_column][vc_column css_animation=\u00bbfadeInUp\u00bb width=\u00bb2\/3&#8243;][vc_column_text]<\/p>\n<h2>Acerca de nosotros [ps2id id=&#8217;acerca-de-nosotros&#8217;]<\/h2>\n<p>Nos apasiona la agricultura org\u00e1nica y sostenible y creemos que los cultivadores pueden conseguir resultados \u00f3ptimos, manteniendo al mismo tiempo la salud de la Tierra, utilizando estas pr\u00e1cticas. Nuestras semillas asociadas, fertilizantes y mejoradores del suelo org\u00e1nicos trabajan en armon\u00eda con la microbiolog\u00eda del suelo para elevar la salud de las plantas al siguiente nivel.<\/p>\n<p>Nuestro comprometido equipo est\u00e1 trabajando en la mejora de las futuras generaciones de semillas y pr\u00e1cticas org\u00e1nicas utilizando estos tres principios:<\/p>\n<p><strong>Visi\u00f3n<br \/>\n<\/strong> nos esforzamos por crear un sector de semillas m\u00e1s eficiente y sostenible<\/p>\n<p><strong>Misi\u00f3n<br \/>\n<\/strong> entregar nuestras semillas mejoradas al mercado internacional utilizando los \u00faltimos avances y herramientas del sector<\/p>\n<p><strong>Valores<br \/>\n<\/strong> sostenibilidad, honestidad, empat\u00eda, caridad y resistencia<\/p>\n<p>&nbsp;<\/p>\n<p>[\/vc_column_text][\/vc_column][\/vc_row][vc_row gap=\u00bb30&#8243; css=\u00bb.vc_custom_1594857971638{margin-right: 70px !important;margin-left: 70px !important;padding-right: 15px !important;}\u00bb el_class=\u00bbresearch\u00bb][vc_column css_animation=\u00bbnone\u00bb width=\u00bb1\/3&#8243; css=\u00bb.vc_custom_1594846075647{margin-top: 8px !important;}\u00bb][vc_single_image image=\u00bb417&#8243; img_size=\u00bbfull\u00bb alignment=\u00bbcenter\u00bb css_animation=\u00bbfadeIn\u00bb el_class=\u00bbpink-right\u00bb alt=\u00bbSolutions for your<br \/>\nagricultural needs\u00bb css=\u00bb.vc_custom_1595429006608{margin-top: 0px !important;margin-bottom: 0px !important;}\u00bb][\/vc_column][vc_column css_animation=\u00bbfadeInUp\u00bb width=\u00bb2\/3&#8243;][vc_column_text]<\/p>\n<h2>Investigaci\u00f3n[ps2id id=&#8217;investigacion&#8217;]<\/h2>\n<p>Los cultivos asociados son la clave para liberar el potencial de la agricultura y la jardiner\u00eda. Estas especies ofrecen diversas ventajas, desde la fijaci\u00f3n del nitr\u00f3geno y la disuasi\u00f3n de los insectos hasta la mejora de la estructura del suelo. Nos hemos comprometido a avanzar en la investigaci\u00f3n en este importante campo para identificar e investigar nuevas variedades de plantas asociadas. Reconocemos la importancia de las semillas de especies asociadas no solo para ayudar a la productividad y la salud de las plantas, sino tambi\u00e9n para mejorar la biodiversidad y apoyar a las especies de insectos que son fundamentales en la red alimentaria del suelo y en el proceso de polinizaci\u00f3n.<\/p>\n<p>&nbsp;<\/p>\n<p>[\/vc_column_text][\/vc_column][\/vc_row][vc_row css=\u00bb.vc_custom_1594857995904{margin-right: 70px !important;margin-left: 70px !important;padding-right: 15px !important;padding-left: 15px !important;}\u00bb el_class=\u00bbourproducts\u00bb][vc_column css_animation=\u00bbfadeInUp\u00bb][vc_column_text]<\/p>\n<h2>Productos[ps2id id=&#8217;productos&#8217;]<\/h2>\n<p>Dise\u00f1ada para apoyar los ecosistemas de los jardines, nuestra gama de productos aprovecha los principios org\u00e1nicos para ofrecer resultados \u00f3ptimos sin alterar el delicado equilibrio ecol\u00f3gico del suelo.<\/p>\n<p>&nbsp;<\/p>\n<p>[\/vc_column_text][\/vc_column][\/vc_row][vc_row css=\u00bb.vc_custom_1594858811600{margin-right: 70px !important;margin-left: 70px !important;padding-right: 15px !important;padding-left: 15px !important;}\u00bb el_class=\u00bbthreecolumns\u00bb][vc_column css_animation=\u00bbfadeInUp\u00bb width=\u00bb1\/3&#8243;][vc_single_image image=\u00bb409&#8243; img_size=\u00bbfull\u00bb css_animation=\u00bbfadeIn\u00bb css=\u00bb.vc_custom_1594846113096{margin-left: 0px !important;padding-left: 0px !important;}\u00bb][vc_column_text css=\u00bb.vc_custom_1594842431889{padding-right: 10px !important;}\u00bb]<\/p>\n<p><strong>Semillas asociadas<\/strong><\/p>\n<p>estas especies de plantas ofrecen multitud de beneficios al jard\u00edn, incluyendo el control de las plagas, la protecci\u00f3n de las plantas, la fijaci\u00f3n del nitr\u00f3geno y la mejora de la salud del suelo.<\/p>\n<p>&nbsp;<\/p>\n<p>[\/vc_column_text][\/vc_column][vc_column css_animation=\u00bbfadeInUp\u00bb width=\u00bb1\/3&#8243;][vc_single_image image=\u00bb413&#8243; img_size=\u00bbfull\u00bb css_animation=\u00bbfadeIn\u00bb][vc_column_text css=\u00bb.vc_custom_1594842511636{padding-right: 10px !important;}\u00bb]<\/p>\n<p><strong>Fertilizantes org\u00e1nicos<\/strong><\/p>\n<p>obtenidos a partir de extractos naturales, estos ricos preparados contienen m\u00e1s de 70 vitaminas, minerales y enzimas que catalizan el crecimiento, mantienen las plantas sanas y previenen las deficiencias que pueden afectar a la producci\u00f3n.<\/p>\n<p>&nbsp;<\/p>\n<p>[\/vc_column_text][\/vc_column][vc_column css_animation=\u00bbfadeInUp\u00bb width=\u00bb1\/3&#8243;][vc_single_image image=\u00bb411&#8243; img_size=\u00bbfull\u00bb css_animation=\u00bbfadeIn\u00bb][vc_column_text css=\u00bb.vc_custom_1594844481096{padding-right: 10px !important;}\u00bb]<\/p>\n<p><strong>Sustrato<\/strong><\/p>\n<p>nuestros medios de cultivo contienen una mezcla cuidadosamente equilibrada de materia org\u00e1nica rica en carbono y nitr\u00f3geno que fomenta la salud del sistema radicular, la retenci\u00f3n de humedad y la aireaci\u00f3n.<\/p>\n<p>&nbsp;<\/p>\n<p>[\/vc_column_text][\/vc_column][\/vc_row][vc_row content_placement=\u00bbmiddle\u00bb css_animation=\u00bbfadeIn\u00bb css=\u00bb.vc_custom_1594858947738{margin-bottom: -39px !important;background-color: #e3e3e3 !important;}\u00bb el_class=\u00bbcontactus\u00bb][vc_column width=\u00bb1\/3&#8243; offset=\u00bbvc_hidden-xs\u00bb css=\u00bb.vc_custom_1595430795933{margin-top: 0px !important;margin-right: 0px !important;margin-left: 0px !important;}\u00bb][\/vc_column][vc_column css_animation=\u00bbfadeInUp\u00bb width=\u00bb1\/3&#8243; css=\u00bb.vc_custom_1594860280548{padding-right: 38px !important;padding-left: 38px !important;}\u00bb el_class=\u00bbcontactform\u00bb][vc_column_text]<\/p>\n<h3>Contacta con nosotros[ps2id id=&#8217;contacta&#8217;]<\/h3>\n<p>Le responderemos dentro de las 24\/48h de su solicitud.<\/p>\n<p>&nbsp;<\/p>\n<p>[\/vc_column_text]<div role=\"form\" class=\"wpcf7\" id=\"wpcf7-f443-o1\" lang=\"es-ES\" dir=\"ltr\">\n<div class=\"screen-reader-response\"><p role=\"status\" aria-live=\"polite\" aria-atomic=\"true\"><\/p> <ul><\/ul><\/div>\n<form action=\"\/es\/wp-json\/wp\/v2\/pages\/404#wpcf7-f443-o1\" method=\"post\" class=\"wpcf7-form init\" novalidate=\"novalidate\" data-status=\"init\">\n<div style=\"display: none;\">\n<input type=\"hidden\" name=\"_wpcf7\" value=\"443\" \/>\n<input type=\"hidden\" name=\"_wpcf7_version\" value=\"5.5.2\" \/>\n<input type=\"hidden\" name=\"_wpcf7_locale\" value=\"es_ES\" \/>\n<input type=\"hidden\" name=\"_wpcf7_unit_tag\" value=\"wpcf7-f443-o1\" \/>\n<input type=\"hidden\" name=\"_wpcf7_container_post\" value=\"0\" \/>\n<input type=\"hidden\" name=\"_wpcf7_posted_data_hash\" value=\"\" \/>\n<input type=\"hidden\" name=\"_wpcf7_recaptcha_response\" value=\"\" \/>\n<\/div>\n<div style=\"margin: 0 auto;\">\n<label><span class=\"lblname\">Tu nombre<\/span><span class=\"mandatory\">*<\/span><br \/>\n    <span class=\"wpcf7-form-control-wrap your-name\"><input type=\"text\" name=\"your-name\" value=\"\" size=\"40\" class=\"wpcf7-form-control wpcf7-text wpcf7-validates-as-required\" aria-required=\"true\" aria-invalid=\"false\" \/><\/span> <\/label><br \/>\n<label><span class=\"lblname\">Empresa<\/span><br \/>\n<span class=\"wpcf7-form-control-wrap Company\"><input type=\"text\" name=\"Company\" value=\"\" size=\"40\" class=\"wpcf7-form-control wpcf7-text\" aria-invalid=\"false\" \/><\/span><\/label><br \/>\n<label><span class=\"lblname\">Tu correo electr\u00f3nico<span><span class=\"mandatory\">*<\/span><br \/>\n    <span class=\"wpcf7-form-control-wrap your-email\"><input type=\"email\" name=\"your-email\" value=\"\" size=\"40\" class=\"wpcf7-form-control wpcf7-text wpcf7-email wpcf7-validates-as-required wpcf7-validates-as-email\" aria-required=\"true\" aria-invalid=\"false\" \/><\/span> <\/label><br \/>\n<label><span class=\"lblname\">Telefone<\/span><span class=\"mandatory\">*<\/span><br \/>\n<span class=\"wpcf7-form-control-wrap Phone\"><input type=\"tel\" name=\"Phone\" value=\"\" size=\"40\" class=\"wpcf7-form-control wpcf7-text wpcf7-tel wpcf7-validates-as-required wpcf7-validates-as-tel\" aria-required=\"true\" aria-invalid=\"false\" \/><\/span> <\/label><br \/>\n<label><span class=\"lblname\">Tema<\/span><br \/>\n    <span class=\"wpcf7-form-control-wrap your-subject\"><input type=\"text\" name=\"your-subject\" value=\"\" size=\"40\" class=\"wpcf7-form-control wpcf7-text wpcf7-validates-as-required\" aria-required=\"true\" aria-invalid=\"false\" \/><\/span> <\/label><br \/>\n<label><span class=\"lblname\">Tu mensaje<\/span><span class=\"mandatory\">*<\/span><br \/>\n    <span class=\"wpcf7-form-control-wrap your-message\"><textarea name=\"your-message\" cols=\"40\" rows=\"10\" class=\"wpcf7-form-control wpcf7-textarea wpcf7-validates-as-required\" aria-required=\"true\" aria-invalid=\"false\"><\/textarea><\/span> <\/label><\/p>\n<p style=\"font-size:12px;margin\"><span class=\"mandatory lblname\">*<\/span>Obligatorio<\/p>\n<p><span class=\"wpcf7-form-control-wrap acceptance-657\"><span class=\"wpcf7-form-control wpcf7-acceptance\"><span class=\"wpcf7-list-item\"><label><input type=\"checkbox\" name=\"acceptance-657\" value=\"1\" aria-invalid=\"false\" \/><span class=\"wpcf7-list-item-label\"><span class=\"lblname\">Estoy de acuerdo con el <a href:\/\/https:\/\/www.snorkelspain.com\/privacy-policy>t\u00e9rminos y condiciones<\/a><\/span><\/span><\/label><\/span><\/span><\/span><br \/>\n<!--[anr_nocaptcha g-recaptcha-response]--><br \/>\n<input type=\"submit\" value=\"Enviar mensaje\" class=\"wpcf7-form-control has-spinner wpcf7-submit\" \/>\n<\/div>\n<div class=\"wpcf7-response-output\" aria-hidden=\"true\"><\/div><\/form><\/div>[\/vc_column][vc_column css_animation=\u00bbfadeInUp\u00bb width=\u00bb1\/3&#8243; css=\u00bb.vc_custom_1595343179696{margin-top: 155px !important;margin-left: 100px !important;}\u00bb el_class=\u00bbcontact\u00bb][vc_single_image image=\u00bb407&#8243; img_size=\u00bb40xauto\u00bb onclick=\u00bbcustom_link\u00bb img_link_target=\u00bb_blank\u00bb css_animation=\u00bbflipInX\u00bb link=\u00bbhttps:\/\/www.linkedin.com\/company\/snorkel-spain\/\u00bb css=\u00bb.vc_custom_1595509360032{margin-bottom: 0px !important;padding-bottom: 0px !important;}\u00bb][vc_column_text css=\u00bb.vc_custom_1596012374610{margin-top: 0px !important;padding-top: 20px !important;}\u00bb]<strong>Snorkel Spain S.L.U.<\/strong><br \/>\nApartado de Correos n<sup>o<\/sup><br \/>\n08170 Montorn\u00e8s dell Vall\u00e8s<br \/>\n(Barcelona)<br \/>\nEspa\u00f1a<\/p>\n<p>[\/vc_column_text][\/vc_column][\/vc_row]<\/p>\n","protected":false},"excerpt":{"rendered":"<p>[vc_row equal_height=\u00bbyes\u00bb content_placement=\u00bbmiddle\u00bb css_animation=\u00bbfadeIn\u00bb css=\u00bb.vc_custom_1594841934606{background-image: url(https:\/\/www.snorkelspain.com\/wp-content\/uploads\/2020\/07\/organic-sustainable-agriculture.jpg?id=221) !important;}\u00bb el_class=\u00bbbanner-top\u00bb][vc_column][vc_column_text] Soluciones para tu necesidades agr\u00edcolas En Snorkel Spain nos centramos principalmente en la producci\u00f3n, investigaci\u00f3n y venta de productos de alta calidad que mejoran la salud, vitalidad y productividad de las plantas. [\/vc_column_text][vc_btn title=\u00bbCont\u00e1ctenos\u00bb style=\u00bbcustom\u00bb custom_background=\u00bb#e40779&#8243; custom_text=\u00bb#ffffff\u00bb shape=\u00bbsquare\u00bb size=\u00bblg\u00bb css_animation=\u00bbfadeInDown\u00bb css=\u00bb.vc_custom_1611138332889{margin-bottom: 30px !important;margin-left: 30px !important;}\u00bb link=\u00bburl:https%3A%2F%2Fwww.snorkelspain.com%2Fes%2F%23contacta|||\u00bb el_id=\u00bbbanner-btn\u00bb][\/vc_column][\/vc_row][vc_row&hellip;&nbsp;<a href=\"https:\/\/www.snorkelspain.com\/es\/\" class=\"\" rel=\"bookmark\">Leer m\u00e1s &raquo;<span class=\"screen-reader-text\">Soluciones para tu necesidades agr\u00edcolas<\/span><\/a><\/p>\n","protected":false},"author":4,"featured_media":0,"parent":0,"menu_order":0,"comment_status":"closed","ping_status":"closed","template":"","meta":{"neve_meta_sidebar":"full-width","neve_meta_container":"","neve_meta_enable_content_width":"on","neve_meta_content_width":100,"neve_meta_title_alignment":"","neve_meta_author_avatar":"","neve_post_elements_order":"","neve_meta_disable_header":"","neve_meta_disable_footer":"","neve_meta_disable_title":"on"},"yoast_head":"<!-- This site is optimized with the Yoast SEO plugin v17.4 - https:\/\/yoast.com\/wordpress\/plugins\/seo\/ -->\n<title>Soluciones para tu necesidades agr\u00edcolas - Snorkel Spain<\/title>\n<meta name=\"description\" content=\"Soluciones para tu necesidades agr\u00edcolas. Nos centramos principalmente en la producci\u00f3n, investigaci\u00f3ny, vitalidady productividad de plantas\" \/>\n<meta name=\"robots\" content=\"index, follow, max-snippet:-1, max-image-preview:large, max-video-preview:-1\" \/>\n<link rel=\"canonical\" href=\"https:\/\/www.snorkelspain.com\/es\/\" \/>\n<meta property=\"og:locale\" content=\"es_ES\" \/>\n<meta property=\"og:type\" content=\"article\" \/>\n<meta property=\"og:title\" content=\"Soluciones para tu necesidades agr\u00edcolas - Snorkel Spain\" \/>\n<meta property=\"og:description\" content=\"Soluciones para tu necesidades agr\u00edcolas. Nos centramos principalmente en la producci\u00f3n, investigaci\u00f3ny, vitalidady productividad de plantas\" \/>\n<meta property=\"og:url\" content=\"https:\/\/www.snorkelspain.com\/es\/\" \/>\n<meta property=\"og:site_name\" content=\"Snorkel Spain S.L.U.\" \/>\n<meta property=\"article:modified_time\" content=\"2021-10-29T10:42:44+00:00\" \/>\n<meta property=\"og:image\" content=\"https:\/\/www.snorkelspain.com\/wp-content\/uploads\/2020\/07\/organic-seeds-scaled.jpg\" \/>\n\t<meta property=\"og:image:width\" content=\"2560\" \/>\n\t<meta property=\"og:image:height\" content=\"1703\" \/>\n<meta name=\"twitter:card\" content=\"summary_large_image\" \/>\n<meta name=\"twitter:label1\" content=\"Tiempo de lectura\" \/>\n\t<meta name=\"twitter:data1\" content=\"5 minutos\" \/>\n<script type=\"application\/ld+json\" class=\"yoast-schema-graph\">{\"@context\":\"https:\/\/schema.org\",\"@graph\":[{\"@type\":\"Organization\",\"@id\":\"https:\/\/www.snorkelspain.com\/#organization\",\"name\":\"Snorkel Spain S.L.\",\"url\":\"https:\/\/www.snorkelspain.com\/\",\"sameAs\":[\"https:\/\/www.linkedin.com\/company\/snorkel-spain\/\"],\"logo\":{\"@type\":\"ImageObject\",\"@id\":\"https:\/\/www.snorkelspain.com\/#logo\",\"inLanguage\":\"es\",\"url\":\"https:\/\/www.snorkelspain.com\/wp-content\/uploads\/2020\/07\/logo.jpg\",\"contentUrl\":\"https:\/\/www.snorkelspain.com\/wp-content\/uploads\/2020\/07\/logo.jpg\",\"width\":160,\"height\":78,\"caption\":\"Snorkel Spain S.L.\"},\"image\":{\"@id\":\"https:\/\/www.snorkelspain.com\/#logo\"}},{\"@type\":\"WebSite\",\"@id\":\"https:\/\/www.snorkelspain.com\/#website\",\"url\":\"https:\/\/www.snorkelspain.com\/\",\"name\":\"Snorkel Spain S.L.U.\",\"description\":\"Soluciones para tu necesidades agr\\u00edcolas\",\"publisher\":{\"@id\":\"https:\/\/www.snorkelspain.com\/#organization\"},\"potentialAction\":[{\"@type\":\"SearchAction\",\"target\":{\"@type\":\"EntryPoint\",\"urlTemplate\":\"https:\/\/www.snorkelspain.com\/?s={search_term_string}\"},\"query-input\":\"required name=search_term_string\"}],\"inLanguage\":\"es\"},{\"@type\":\"WebPage\",\"@id\":\"https:\/\/www.snorkelspain.com\/es\/#webpage\",\"url\":\"https:\/\/www.snorkelspain.com\/es\/\",\"name\":\"Soluciones para tu necesidades agr\\u00edcolas - Snorkel Spain\",\"isPartOf\":{\"@id\":\"https:\/\/www.snorkelspain.com\/#website\"},\"datePublished\":\"2020-07-22T10:22:38+00:00\",\"dateModified\":\"2021-10-29T10:42:44+00:00\",\"description\":\"Soluciones para tu necesidades agr\\u00edcolas. Nos centramos principalmente en la producci\\u00f3n, investigaci\\u00f3ny, vitalidady productividad de plantas\",\"breadcrumb\":{\"@id\":\"https:\/\/www.snorkelspain.com\/es\/#breadcrumb\"},\"inLanguage\":\"es\",\"potentialAction\":[{\"@type\":\"ReadAction\",\"target\":[\"https:\/\/www.snorkelspain.com\/es\/\"]}]},{\"@type\":\"BreadcrumbList\",\"@id\":\"https:\/\/www.snorkelspain.com\/es\/#breadcrumb\",\"itemListElement\":[{\"@type\":\"ListItem\",\"position\":1,\"name\":\"Home\",\"item\":\"https:\/\/www.snorkelspain.com\/es\/\"},{\"@type\":\"ListItem\",\"position\":2,\"name\":\"Soluciones para tu necesidades agr\\u00edcolas\"}]}]}<\/script>\n<!-- \/ Yoast SEO plugin. -->","yoast_head_json":{"title":"Soluciones para tu necesidades agr\u00edcolas - Snorkel Spain","description":"Soluciones para tu necesidades agr\u00edcolas. Nos centramos principalmente en la producci\u00f3n, investigaci\u00f3ny, vitalidady productividad de plantas","robots":{"index":"index","follow":"follow","max-snippet":"max-snippet:-1","max-image-preview":"max-image-preview:large","max-video-preview":"max-video-preview:-1"},"canonical":"https:\/\/www.snorkelspain.com\/es\/","og_locale":"es_ES","og_type":"article","og_title":"Soluciones para tu necesidades agr\u00edcolas - Snorkel Spain","og_description":"Soluciones para tu necesidades agr\u00edcolas. Nos centramos principalmente en la producci\u00f3n, investigaci\u00f3ny, vitalidady productividad de plantas","og_url":"https:\/\/www.snorkelspain.com\/es\/","og_site_name":"Snorkel Spain S.L.U.","article_modified_time":"2021-10-29T10:42:44+00:00","og_image":[{"width":2560,"height":1703,"url":"https:\/\/www.snorkelspain.com\/wp-content\/uploads\/2020\/07\/organic-seeds-scaled.jpg","type":"image\/jpeg"}],"twitter_card":"summary_large_image","twitter_misc":{"Tiempo de lectura":"5 minutos"},"schema":{"@context":"https:\/\/schema.org","@graph":[{"@type":"Organization","@id":"https:\/\/www.snorkelspain.com\/#organization","name":"Snorkel Spain S.L.","url":"https:\/\/www.snorkelspain.com\/","sameAs":["https:\/\/www.linkedin.com\/company\/snorkel-spain\/"],"logo":{"@type":"ImageObject","@id":"https:\/\/www.snorkelspain.com\/#logo","inLanguage":"es","url":"https:\/\/www.snorkelspain.com\/wp-content\/uploads\/2020\/07\/logo.jpg","contentUrl":"https:\/\/www.snorkelspain.com\/wp-content\/uploads\/2020\/07\/logo.jpg","width":160,"height":78,"caption":"Snorkel Spain S.L."},"image":{"@id":"https:\/\/www.snorkelspain.com\/#logo"}},{"@type":"WebSite","@id":"https:\/\/www.snorkelspain.com\/#website","url":"https:\/\/www.snorkelspain.com\/","name":"Snorkel Spain S.L.U.","description":"Soluciones para tu necesidades agr\u00edcolas","publisher":{"@id":"https:\/\/www.snorkelspain.com\/#organization"},"potentialAction":[{"@type":"SearchAction","target":{"@type":"EntryPoint","urlTemplate":"https:\/\/www.snorkelspain.com\/?s={search_term_string}"},"query-input":"required name=search_term_string"}],"inLanguage":"es"},{"@type":"WebPage","@id":"https:\/\/www.snorkelspain.com\/es\/#webpage","url":"https:\/\/www.snorkelspain.com\/es\/","name":"Soluciones para tu necesidades agr\u00edcolas - Snorkel Spain","isPartOf":{"@id":"https:\/\/www.snorkelspain.com\/#website"},"datePublished":"2020-07-22T10:22:38+00:00","dateModified":"2021-10-29T10:42:44+00:00","description":"Soluciones para tu necesidades agr\u00edcolas. Nos centramos principalmente en la producci\u00f3n, investigaci\u00f3ny, vitalidady productividad de plantas","breadcrumb":{"@id":"https:\/\/www.snorkelspain.com\/es\/#breadcrumb"},"inLanguage":"es","potentialAction":[{"@type":"ReadAction","target":["https:\/\/www.snorkelspain.com\/es\/"]}]},{"@type":"BreadcrumbList","@id":"https:\/\/www.snorkelspain.com\/es\/#breadcrumb","itemListElement":[{"@type":"ListItem","position":1,"name":"Home","item":"https:\/\/www.snorkelspain.com\/es\/"},{"@type":"ListItem","position":2,"name":"Soluciones para tu necesidades agr\u00edcolas"}]}]}},"_links":{"self":[{"href":"https:\/\/www.snorkelspain.com\/es\/wp-json\/wp\/v2\/pages\/404"}],"collection":[{"href":"https:\/\/www.snorkelspain.com\/es\/wp-json\/wp\/v2\/pages"}],"about":[{"href":"https:\/\/www.snorkelspain.com\/es\/wp-json\/wp\/v2\/types\/page"}],"author":[{"embeddable":true,"href":"https:\/\/www.snorkelspain.com\/es\/wp-json\/wp\/v2\/users\/4"}],"replies":[{"embeddable":true,"href":"https:\/\/www.snorkelspain.com\/es\/wp-json\/wp\/v2\/comments?post=404"}],"version-history":[{"count":15,"href":"https:\/\/www.snorkelspain.com\/es\/wp-json\/wp\/v2\/pages\/404\/revisions"}],"predecessor-version":[{"id":586,"href":"https:\/\/www.snorkelspain.com\/es\/wp-json\/wp\/v2\/pages\/404\/revisions\/586"}],"wp:attachment":[{"href":"https:\/\/www.snorkelspain.com\/es\/wp-json\/wp\/v2\/media?parent=404"}],"curies":[{"name":"wp","href":"https:\/\/api.w.org\/{rel}","templated":true}]}}